{"id":31,"date":"2021-08-29T11:31:54","date_gmt":"2021-08-29T09:31:54","guid":{"rendered":"http:\/\/dynamic.home.pl\/autoinstalator\/wordpressplugins4\/?page_id=31"},"modified":"2023-06-09T11:47:12","modified_gmt":"2023-06-09T09:47:12","slug":"kontakt","status":"publish","type":"page","link":"https:\/\/www.dynamic.pl\/index.php\/kontakt\/","title":{"rendered":"kontakt"},"content":{"rendered":"\t\t<div data-elementor-type=\"wp-page\" data-elementor-id=\"31\" class=\"elementor elementor-31\" data-elementor-settings=\"[]\">\n\t\t\t\t\t\t\t<div class=\"elementor-section-wrap\">\n\t\t\t\t\t\t\t<section class=\"elementor-section elementor-top-section elementor-element elementor-element-1b5f83b elementor-section-boxed elementor-section-height-default elementor-section-height-default\" data-id=\"1b5f83b\" data-element_type=\"section\">\n\t\t\t\t\t\t<div class=\"elementor-container elementor-column-gap-default\">\n\t\t\t\t\t<div class=\"elementor-column elementor-col-50 elementor-top-column elementor-element elementor-element-615390b\" data-id=\"615390b\" data-element_type=\"column\">\n\t\t\t<div class=\"elementor-widget-wrap elementor-element-populated\">\n\t\t\t\t\t\t\t\t<div class=\"elementor-element elementor-element-d730a99 elementor-widget elementor-widget-toggle\" data-id=\"d730a99\" data-element_type=\"widget\" data-widget_type=\"toggle.default\">\n\t\t\t\t<div class=\"elementor-widget-container\">\n\t\t\t<style>\/*! elementor - v3.5.6 - 28-02-2022 *\/\n.elementor-toggle{text-align:left}.elementor-toggle .elementor-tab-title{font-weight:700;line-height:1;margin:0;padding:15px;border-bottom:1px solid #d4d4d4;cursor:pointer;outline:none}.elementor-toggle .elementor-tab-title .elementor-toggle-icon{display:inline-block;width:1em}.elementor-toggle .elementor-tab-title .elementor-toggle-icon svg{-webkit-margin-start:-5px;margin-inline-start:-5px;width:1em;height:1em}.elementor-toggle .elementor-tab-title .elementor-toggle-icon.elementor-toggle-icon-right{float:right;text-align:right}.elementor-toggle .elementor-tab-title .elementor-toggle-icon.elementor-toggle-icon-left{float:left;text-align:left}.elementor-toggle .elementor-tab-title .elementor-toggle-icon .elementor-toggle-icon-closed{display:block}.elementor-toggle .elementor-tab-title .elementor-toggle-icon .elementor-toggle-icon-opened{display:none}.elementor-toggle .elementor-tab-title.elementor-active{border-bottom:none}.elementor-toggle .elementor-tab-title.elementor-active .elementor-toggle-icon-closed{display:none}.elementor-toggle .elementor-tab-title.elementor-active .elementor-toggle-icon-opened{display:block}.elementor-toggle .elementor-tab-content{padding:15px;border-bottom:1px solid #d4d4d4;display:none}@media (max-width:767px){.elementor-toggle .elementor-tab-title{padding:12px}.elementor-toggle .elementor-tab-content{padding:12px 10px}}<\/style>\t\t<div class=\"elementor-toggle\" role=\"tablist\">\r\n\t\t\t\t\t\t\t<div class=\"elementor-toggle-item\">\r\n\t\t\t\t\t<div id=\"elementor-tab-title-2251\" class=\"elementor-tab-title\" data-tab=\"1\" role=\"tab\" aria-controls=\"elementor-tab-content-2251\" aria-expanded=\"false\">\r\n\t\t\t\t\t\t\t\t\t\t\t\t<span class=\"elementor-toggle-icon elementor-toggle-icon-left\" aria-hidden=\"true\">\r\n\t\t\t\t\t\t\t\t\t\t\t\t\t\t\t<span class=\"elementor-toggle-icon-closed\"><i class=\"fas fa-arrow-right\"><\/i><\/span>\r\n\t\t\t\t\t\t\t\t<span class=\"elementor-toggle-icon-opened\"><i class=\"elementor-toggle-icon-opened fas fa-arrow-right\"><\/i><\/span>\r\n\t\t\t\t\t\t\t\t\t\t\t\t\t<\/span>\r\n\t\t\t\t\t\t\t\t\t\t\t\t<a href=\"\" class=\"elementor-toggle-title\">dynamic technology sp. z o.o.  &   nanomax<\/a>\r\n\t\t\t\t\t<\/div>\r\n\r\n\t\t\t\t\t<div id=\"elementor-tab-content-2251\" class=\"elementor-tab-content elementor-clearfix\" data-tab=\"1\" role=\"tabpanel\" aria-labelledby=\"elementor-tab-title-2251\"><p>siedziba:<br \/>Polska, 32-500 Chrzan\u00f3w, Fabryczna 12<br \/><span style=\"font-family: var( --e-global-typography-text-font-family ), DM sans;\">VAT ID: PL 6342818043<br \/><\/span><span style=\"font-family: var( --e-global-typography-text-font-family ), Sans-serif;\">KRS 0000466215<\/span><\/p><p>sprzeda\u017c \/ zam\u00f3wienia:<br \/><a href=\"mailto: handel@dynamic.pl\">handel@dynamic.pl<br \/><\/a>T\/F +48 32 6110938<\/p><p>PKO BP:<br \/><span style=\"font-family: var( --e-global-typography-text-font-family ), DM sans;\">57 1020 1390 0000 6302 0704 7980 (<\/span><span style=\"font-family: var( --e-global-typography-text-font-family ), DM sans;\">PLN<\/span><span style=\"font-family: var( --e-global-typography-text-font-family ), DM sans;\">)<br \/><\/span><span style=\"font-family: var( --e-global-typography-text-font-family ), DM sans;\">Bank Sp\u00f3\u0142dzielczy Pszczyna:<br \/><\/span><span style=\"font-family: var( --e-global-typography-text-font-family ), DM sans;\">62 8448 0004 0037 5964 2000 0002\u00a0<\/span><span style=\"font-family: var( --e-global-typography-text-font-family ), DM sans;\">(<\/span><span style=\"font-family: var( --e-global-typography-text-font-family ), DM sans;\">PLN<\/span><span style=\"font-family: var( --e-global-typography-text-font-family ), DM sans;\">)<\/span><span style=\"font-family: var( --e-global-typography-text-font-family ), DM sans;\"><br \/><\/span><span style=\"font-family: var( --e-global-typography-text-font-family ), DM sans;\">BNP Paribas Bank Polska:<br \/><\/span><span style=\"font-family: var( --e-global-typography-text-font-family ), DM sans;\">02 1600 1462 1891 2698 9000 0001\u00a0<\/span><span style=\"font-family: var( --e-global-typography-text-font-family ), DM sans;\">(<\/span><span style=\"font-family: var( --e-global-typography-text-font-family ), DM sans;\">PLN<\/span><span style=\"font-family: var( --e-global-typography-text-font-family ), DM sans;\">)<\/span><\/p><p>\u00a0<\/p><\/div>\r\n\t\t\t\t<\/div>\r\n\t\t\t\t\t\t\t<div class=\"elementor-toggle-item\">\r\n\t\t\t\t\t<div id=\"elementor-tab-title-2252\" class=\"elementor-tab-title\" data-tab=\"2\" role=\"tab\" aria-controls=\"elementor-tab-content-2252\" aria-expanded=\"false\">\r\n\t\t\t\t\t\t\t\t\t\t\t\t<span class=\"elementor-toggle-icon elementor-toggle-icon-left\" aria-hidden=\"true\">\r\n\t\t\t\t\t\t\t\t\t\t\t\t\t\t\t<span class=\"elementor-toggle-icon-closed\"><i class=\"fas fa-arrow-right\"><\/i><\/span>\r\n\t\t\t\t\t\t\t\t<span class=\"elementor-toggle-icon-opened\"><i class=\"elementor-toggle-icon-opened fas fa-arrow-right\"><\/i><\/span>\r\n\t\t\t\t\t\t\t\t\t\t\t\t\t<\/span>\r\n\t\t\t\t\t\t\t\t\t\t\t\t<a href=\"\" class=\"elementor-toggle-title\">sprzeda\u017c<\/a>\r\n\t\t\t\t\t<\/div>\r\n\r\n\t\t\t\t\t<div id=\"elementor-tab-content-2252\" class=\"elementor-tab-content elementor-clearfix\" data-tab=\"2\" role=\"tabpanel\" aria-labelledby=\"elementor-tab-title-2252\"><h2>zam\u00f3wienia prosimy kierowa\u0107 na e-mail: <a href=\"mailto:handel@dynamic.pl\">handel@dynamic.pl<\/a><\/h2><p>szef biura obs\u0142ugi klienta<br \/><b>Lidia Winiarczyk \u2013 Jamr\u00f3z<\/b><br \/><a href=\"mailto: lidia.winiarczyk@dynamic.pl\">lidia.winiarczyk@dynamic.pl<\/a><br \/>+48 602 315 382<\/p><p><span style=\"font-family: var( --e-global-typography-text-font-family ), DM sans;\">koordynator sprzeda\u017cy (Export)<br \/><\/span><span style=\"font-family: var( --e-global-typography-text-font-family ), DM sans;\"><b>Krzysztof\u00a0 Szymanowski<\/b><\/span><b><br \/><\/b><a href=\"mailto:be@nanomax.global\">be@nanomax.g<span style=\"font-family: var( --e-global-typography-text-font-family ), DM sans;\">lobal<\/span><\/a><\/p><p><span style=\"font-family: var( --e-global-typography-text-font-family ), DM sans;\">kierownik magazynu<br \/><\/span><span style=\"font-family: var( --e-global-typography-text-font-family ), DM sans;\"><b>Andrzej \u0141ysik<br \/><\/b><\/span><a style=\"font-family: var( --e-global-typography-text-font-family ), DM sans; background-color: #ffffff;\" href=\"mailto:magazyn@dynamic.pl\">magazyn@dynamic.pl<\/a><br \/><span style=\"font-family: var( --e-global-typography-text-font-family ), DM sans;\">+48 698 623 397<\/span><\/p><\/div>\r\n\t\t\t\t<\/div>\r\n\t\t\t\t\t\t\t<div class=\"elementor-toggle-item\">\r\n\t\t\t\t\t<div id=\"elementor-tab-title-2253\" class=\"elementor-tab-title\" data-tab=\"3\" role=\"tab\" aria-controls=\"elementor-tab-content-2253\" aria-expanded=\"false\">\r\n\t\t\t\t\t\t\t\t\t\t\t\t<span class=\"elementor-toggle-icon elementor-toggle-icon-left\" aria-hidden=\"true\">\r\n\t\t\t\t\t\t\t\t\t\t\t\t\t\t\t<span class=\"elementor-toggle-icon-closed\"><i class=\"fas fa-arrow-right\"><\/i><\/span>\r\n\t\t\t\t\t\t\t\t<span class=\"elementor-toggle-icon-opened\"><i class=\"elementor-toggle-icon-opened fas fa-arrow-right\"><\/i><\/span>\r\n\t\t\t\t\t\t\t\t\t\t\t\t\t<\/span>\r\n\t\t\t\t\t\t\t\t\t\t\t\t<a href=\"\" class=\"elementor-toggle-title\">zarz\u0105d<\/a>\r\n\t\t\t\t\t<\/div>\r\n\r\n\t\t\t\t\t<div id=\"elementor-tab-content-2253\" class=\"elementor-tab-content elementor-clearfix\" data-tab=\"3\" role=\"tabpanel\" aria-labelledby=\"elementor-tab-title-2253\"><p>prezes zarz\u0105du<br \/><b>Dariusz Zawrzykraj<\/b><br \/><a href=\"mailto: dariusz.zawrzykraj@dynamic.pl\">dariusz.zawrzykraj@dynamic.pl<\/a><br \/>+48 502 358 888<\/p><p>kierownik biura zarz\u0105du<br \/><b>Anna Szymanowska<\/b><br \/><a href=\"mailto: anna.szymanowska@dynamic.pl\">anna.szymanowska@dynamic.pl<\/a><br \/>+48 668 258 014<\/p><\/div>\r\n\t\t\t\t<\/div>\r\n\t\t\t\t\t\t\t<div class=\"elementor-toggle-item\">\r\n\t\t\t\t\t<div id=\"elementor-tab-title-2254\" class=\"elementor-tab-title\" data-tab=\"4\" role=\"tab\" aria-controls=\"elementor-tab-content-2254\" aria-expanded=\"false\">\r\n\t\t\t\t\t\t\t\t\t\t\t\t<span class=\"elementor-toggle-icon elementor-toggle-icon-left\" aria-hidden=\"true\">\r\n\t\t\t\t\t\t\t\t\t\t\t\t\t\t\t<span class=\"elementor-toggle-icon-closed\"><i class=\"fas fa-arrow-right\"><\/i><\/span>\r\n\t\t\t\t\t\t\t\t<span class=\"elementor-toggle-icon-opened\"><i class=\"elementor-toggle-icon-opened fas fa-arrow-right\"><\/i><\/span>\r\n\t\t\t\t\t\t\t\t\t\t\t\t\t<\/span>\r\n\t\t\t\t\t\t\t\t\t\t\t\t<a href=\"\" class=\"elementor-toggle-title\">produkcja<\/a>\r\n\t\t\t\t\t<\/div>\r\n\r\n\t\t\t\t\t<div id=\"elementor-tab-content-2254\" class=\"elementor-tab-content elementor-clearfix\" data-tab=\"4\" role=\"tabpanel\" aria-labelledby=\"elementor-tab-title-2254\"><p>g\u0142\u00f3wny technolog<br \/><span style=\"font-weight: bold;\">Wojciech Pude\u0142ko<\/span><br \/><a style=\"background-color: #ffffff;\" href=\"mailto:%20wojciech.pudelko@dynamic.pl\">wojciech.pudelko@dynamic.pl<br \/><\/a>+48 512 731 532<\/p><p>szef produkcji<br \/><b>Lidia Winiarczyk \u2013 Jamr\u00f3z<\/b><br \/><a href=\"mailto: lidia.winiarczyk@dynamic.pl\">lidia.winiarczyk@dynamic.pl<\/a><br \/>+48 602 315 382<\/p><p>kierownik magazynu<br \/><span style=\"font-weight: bold;\">Andrzej \u0141ysik<\/span><br \/><a href=\"mailto:magazyn@dynamic.pl\">magazyn@dynamic.pl<\/a><br \/>+48 698 623 397<\/p><\/div>\r\n\t\t\t\t<\/div>\r\n\t\t\t\t\t\t\t<div class=\"elementor-toggle-item\">\r\n\t\t\t\t\t<div id=\"elementor-tab-title-2255\" class=\"elementor-tab-title\" data-tab=\"5\" role=\"tab\" aria-controls=\"elementor-tab-content-2255\" aria-expanded=\"false\">\r\n\t\t\t\t\t\t\t\t\t\t\t\t<span class=\"elementor-toggle-icon elementor-toggle-icon-left\" aria-hidden=\"true\">\r\n\t\t\t\t\t\t\t\t\t\t\t\t\t\t\t<span class=\"elementor-toggle-icon-closed\"><i class=\"fas fa-arrow-right\"><\/i><\/span>\r\n\t\t\t\t\t\t\t\t<span class=\"elementor-toggle-icon-opened\"><i class=\"elementor-toggle-icon-opened fas fa-arrow-right\"><\/i><\/span>\r\n\t\t\t\t\t\t\t\t\t\t\t\t\t<\/span>\r\n\t\t\t\t\t\t\t\t\t\t\t\t<a href=\"\" class=\"elementor-toggle-title\">marketing & design<\/a>\r\n\t\t\t\t\t<\/div>\r\n\r\n\t\t\t\t\t<div id=\"elementor-tab-content-2255\" class=\"elementor-tab-content elementor-clearfix\" data-tab=\"5\" role=\"tabpanel\" aria-labelledby=\"elementor-tab-title-2255\"><p>dyrektor marketingu<br \/><b>Krzysztof Szymanowski<\/b><br \/><a href=\"mailto: be@dynamic.pl\">be@dynamic.pl<\/a><\/p><p>IT &amp; marketing manager<br \/><span style=\"font-weight: bold;\">Bartek Szymanowski<br \/><\/span><a style=\"background-color: #ffffff;\" href=\"mailto:bartek@dynamic.pl\">bartek@dynamic.pl<\/a><br \/>+48 668 009 894<\/p><\/div>\r\n\t\t\t\t<\/div>\r\n\t\t\t\t\t\t\t\t<\/div>\r\n\t\t\t\t<\/div>\n\t\t\t\t<\/div>\n\t\t\t\t\t<\/div>\n\t\t<\/div>\n\t\t\t\t<div class=\"elementor-column elementor-col-50 elementor-top-column elementor-element elementor-element-278e6db\" data-id=\"278e6db\" data-element_type=\"column\">\n\t\t\t<div class=\"elementor-widget-wrap elementor-element-populated\">\n\t\t\t\t\t\t\t\t<div class=\"elementor-element elementor-element-327f590 elementor-widget elementor-widget-toggle\" data-id=\"327f590\" data-element_type=\"widget\" data-widget_type=\"toggle.default\">\n\t\t\t\t<div class=\"elementor-widget-container\">\n\t\t\t\t\t<div class=\"elementor-toggle\" role=\"tablist\">\r\n\t\t\t\t\t\t\t<div class=\"elementor-toggle-item\">\r\n\t\t\t\t\t<div id=\"elementor-tab-title-5291\" class=\"elementor-tab-title\" data-tab=\"1\" role=\"tab\" aria-controls=\"elementor-tab-content-5291\" aria-expanded=\"false\">\r\n\t\t\t\t\t\t\t\t\t\t\t\t<span class=\"elementor-toggle-icon elementor-toggle-icon-left\" aria-hidden=\"true\">\r\n\t\t\t\t\t\t\t\t\t\t\t\t\t\t\t<span class=\"elementor-toggle-icon-closed\"><i class=\"fas fa-arrow-right\"><\/i><\/span>\r\n\t\t\t\t\t\t\t\t<span class=\"elementor-toggle-icon-opened\"><i class=\"elementor-toggle-icon-opened fas fa-arrow-right\"><\/i><\/span>\r\n\t\t\t\t\t\t\t\t\t\t\t\t\t<\/span>\r\n\t\t\t\t\t\t\t\t\t\t\t\t<a href=\"\" class=\"elementor-toggle-title\">dynamic\u00ae sp. z o.o.<\/a>\r\n\t\t\t\t\t<\/div>\r\n\r\n\t\t\t\t\t<div id=\"elementor-tab-content-5291\" class=\"elementor-tab-content elementor-clearfix\" data-tab=\"1\" role=\"tabpanel\" aria-labelledby=\"elementor-tab-title-5291\"><p>siedziba:<br \/>Polska, 32-310 Rodaki, ul. Wiejska 23<br \/>VAT ID: PL 5472034138<br \/>KRS 0000244095<\/p><p>sprzeda\u017c \/ zam\u00f3wienia:<br \/><a style=\"background-color: #ffffff;\" href=\"mailto:%20handel@dynamic.pl\">be@dynamic.pl<br \/><\/a>T\/F +48 32 6110938<\/p><p>PKO BP:<br \/><span style=\"font-family: var( --e-global-typography-text-font-family ), DM sans;\">03 1020 1068 0000 1802 0358 1352\u00a0<\/span><span style=\"font-family: var( --e-global-typography-text-font-family ), DM sans;\">(<\/span><span style=\"font-family: var( --e-global-typography-text-font-family ), DM sans;\">PLN<\/span><span style=\"font-family: var( --e-global-typography-text-font-family ), DM sans;\">)<\/span><span style=\"font-family: var( --e-global-typography-text-font-family ), DM sans;\"><br \/><\/span><span style=\"font-family: var( --e-global-typography-text-font-family ), DM sans;\">75 1020 1390 0000 6002 0701 6860\u00a0<\/span><span style=\"font-family: var( --e-global-typography-text-font-family ), DM sans;\">(<\/span><span style=\"font-family: var( --e-global-typography-text-font-family ), DM sans;\">EUR<\/span><span style=\"font-family: var( --e-global-typography-text-font-family ), DM sans;\">)<\/span><\/p><p>prezes zarz\u0105du<br \/><b>Anna Szymanowska<br \/><\/b><a style=\"background-color: #ffffff; font-family: var( --e-global-typography-text-font-family ), Sans-serif;\" href=\"mailto:%20anna.szymanowska@dynamic.pl\" target=\"_blank\" rel=\"noopener\">anna.szymanowska@dynamic.pl<\/a><\/p><p><span style=\"font-family: var( --e-global-typography-text-font-family ), DM sans;\">dyrektor generalny (nanomax)<br \/><\/span><b style=\"font-family: var( --e-global-typography-text-font-family ), DM sans;\">Krzysztof Szymanowski<\/b><b><br \/><\/b><span style=\"font-family: var( --e-global-typography-text-font-family ), Sans-serif;\"><span style=\"background-color: #ffffff;\"><a href=\"mailto:ceo@dynamic.pl\">ceo@dynamic.pl<\/a><br \/><br \/>dyrektor exportu (nanomax)<br \/><strong>Micha\u0142 Gierak<\/strong><br \/>michal.gierak@dynamic.pl<br \/><a href=\"mailto:michal.gierak@nanomax.global\">michal.gierak@nanomax.global<\/a><br \/>+48 607 681 344<br \/><\/span><\/span><\/p><p><span style=\"font-family: var( --e-global-typography-text-font-family ), DM sans;\">dyrektor handlowy (hi-fi)<br \/><\/span><span style=\"font-weight: bold; font-family: var( --e-global-typography-text-font-family ), DM sans;\">Piotr Chmielarski<br \/><\/span><a style=\"background-color: #ffffff; font-family: var( --e-global-typography-text-font-family ), Sans-serif;\" href=\"mailto:piotr.chmielarski@dynamic.pl\" target=\"_blank\" rel=\"noopener\">piotr.chmielarski@dynamic.pl<\/a><br \/><span style=\"font-family: var( --e-global-typography-text-font-family ), DM sans;\">+48 785 150 000<\/span><\/p><p>IT \/ marketing &amp; export manager<br \/><b>Bartek Szymanowski<br \/><\/b><a href=\"mailto:bartek@dynamic.pl\">bartek@dynamic.pl<\/a><br \/>+48 668 009 894<\/p><\/div>\r\n\t\t\t\t<\/div>\r\n\t\t\t\t\t\t\t\t<\/div>\r\n\t\t\t\t<\/div>\n\t\t\t\t<\/div>\n\t\t\t\t\t<\/div>\n\t\t<\/div>\n\t\t\t\t\t\t\t<\/div>\n\t\t<\/section>\n\t\t\t\t\t\t<\/div>\n\t\t\t\t\t<\/div>\n\t\t","protected":false},"excerpt":{"rendered":"<p>dynamic technology sp. z o.o. &#038; nanomax siedziba:Polska, 32-500 Chrzan\u00f3w, Fabryczna 12VAT ID: PL 6342818043KRS 0000466215 sprzeda\u017c \/ zam\u00f3wienia:handel@dynamic.plT\/F +48 32 6110938 PKO BP:57 1020 1390 0000 6302 0704 7980 (PLN)Bank Sp\u00f3\u0142dzielczy Pszczyna:62 8448 0004 0037 5964 2000 0002\u00a0(PLN)BNP Paribas Bank Polska:02 1600 1462 1891 2698 9000 0001\u00a0(PLN) \u00a0 sprzeda\u017c zam\u00f3wienia prosimy kierowa\u0107 na e-mail: [&hellip;]<\/p>\n","protected":false},"author":1,"featured_media":0,"parent":0,"menu_order":0,"comment_status":"closed","ping_status":"closed","template":"","meta":{"footnotes":""},"class_list":["post-31","page","type-page","status-publish","hentry"],"_links":{"self":[{"href":"https:\/\/www.dynamic.pl\/index.php\/wp-json\/wp\/v2\/pages\/31","targetHints":{"allow":["GET"]}}],"collection":[{"href":"https:\/\/www.dynamic.pl\/index.php\/wp-json\/wp\/v2\/pages"}],"about":[{"href":"https:\/\/www.dynamic.pl\/index.php\/wp-json\/wp\/v2\/types\/page"}],"author":[{"embeddable":true,"href":"https:\/\/www.dynamic.pl\/index.php\/wp-json\/wp\/v2\/users\/1"}],"replies":[{"embeddable":true,"href":"https:\/\/www.dynamic.pl\/index.php\/wp-json\/wp\/v2\/comments?post=31"}],"version-history":[{"count":326,"href":"https:\/\/www.dynamic.pl\/index.php\/wp-json\/wp\/v2\/pages\/31\/revisions"}],"predecessor-version":[{"id":2877,"href":"https:\/\/www.dynamic.pl\/index.php\/wp-json\/wp\/v2\/pages\/31\/revisions\/2877"}],"wp:attachment":[{"href":"https:\/\/www.dynamic.pl\/index.php\/wp-json\/wp\/v2\/media?parent=31"}],"curies":[{"name":"wp","href":"https:\/\/api.w.org\/{rel}","templated":true}]}}