{"id":43,"date":"2021-08-29T11:54:22","date_gmt":"2021-08-29T09:54:22","guid":{"rendered":"http:\/\/dynamic.home.pl\/autoinstalator\/wordpressplugins4\/?page_id=43"},"modified":"2022-11-22T18:24:52","modified_gmt":"2022-11-22T17:24:52","slug":"badania-labo","status":"publish","type":"page","link":"https:\/\/www.dynamic.pl\/index.php\/badania-labo\/","title":{"rendered":"Badania laboratoryjne"},"content":{"rendered":"\t\t<div data-elementor-type=\"wp-page\" data-elementor-id=\"43\" class=\"elementor elementor-43\" data-elementor-settings=\"[]\">\n\t\t\t\t\t\t\t<div class=\"elementor-section-wrap\">\n\t\t\t\t\t\t\t<section class=\"elementor-section elementor-top-section elementor-element elementor-element-d79105b elementor-section-boxed elementor-section-height-default elementor-section-height-default elementor-invisible\" data-id=\"d79105b\" data-element_type=\"section\" data-settings=\"{&quot;animation&quot;:&quot;pulse&quot;}\">\n\t\t\t\t\t\t<div class=\"elementor-container elementor-column-gap-default\">\n\t\t\t\t\t<div class=\"elementor-column elementor-col-50 elementor-top-column elementor-element elementor-element-edac743\" data-id=\"edac743\" data-element_type=\"column\">\n\t\t\t<div class=\"elementor-widget-wrap elementor-element-populated\">\n\t\t\t\t\t\t\t\t<div class=\"elementor-element elementor-element-661780b elementor-widget elementor-widget-heading\" data-id=\"661780b\" data-element_type=\"widget\" data-widget_type=\"heading.default\">\n\t\t\t\t<div class=\"elementor-widget-container\">\n\t\t\t<style>\/*! elementor - v3.5.6 - 28-02-2022 *\/\n.elementor-heading-title{padding:0;margin:0;line-height:1}.elementor-widget-heading .elementor-heading-title[class*=elementor-size-]>a{color:inherit;font-size:inherit;line-height:inherit}.elementor-widget-heading .elementor-heading-title.elementor-size-small{font-size:15px}.elementor-widget-heading .elementor-heading-title.elementor-size-medium{font-size:19px}.elementor-widget-heading .elementor-heading-title.elementor-size-large{font-size:29px}.elementor-widget-heading .elementor-heading-title.elementor-size-xl{font-size:39px}.elementor-widget-heading .elementor-heading-title.elementor-size-xxl{font-size:59px}<\/style><h2 class=\"elementor-heading-title elementor-size-default\"><h2 data-elementor-setting-key=\"title\" data-pen-placeholder=\"Pisz tutaj...\" style=\"font-family: &quot;DM Sans&quot;, sans-serif; font-weight: 600; color: rgb(51, 51, 51); font-size: 23px;\">dynamic\u00ae<\/h2><\/h2>\t\t<\/div>\n\t\t\t\t<\/div>\n\t\t\t\t<div class=\"elementor-element elementor-element-bce1a66 elementor-widget elementor-widget-toggle\" data-id=\"bce1a66\" data-element_type=\"widget\" data-widget_type=\"toggle.default\">\n\t\t\t\t<div class=\"elementor-widget-container\">\n\t\t\t<style>\/*! elementor - v3.5.6 - 28-02-2022 *\/\n.elementor-toggle{text-align:left}.elementor-toggle .elementor-tab-title{font-weight:700;line-height:1;margin:0;padding:15px;border-bottom:1px solid #d4d4d4;cursor:pointer;outline:none}.elementor-toggle .elementor-tab-title .elementor-toggle-icon{display:inline-block;width:1em}.elementor-toggle .elementor-tab-title .elementor-toggle-icon svg{-webkit-margin-start:-5px;margin-inline-start:-5px;width:1em;height:1em}.elementor-toggle .elementor-tab-title .elementor-toggle-icon.elementor-toggle-icon-right{float:right;text-align:right}.elementor-toggle .elementor-tab-title .elementor-toggle-icon.elementor-toggle-icon-left{float:left;text-align:left}.elementor-toggle .elementor-tab-title .elementor-toggle-icon .elementor-toggle-icon-closed{display:block}.elementor-toggle .elementor-tab-title .elementor-toggle-icon .elementor-toggle-icon-opened{display:none}.elementor-toggle .elementor-tab-title.elementor-active{border-bottom:none}.elementor-toggle .elementor-tab-title.elementor-active .elementor-toggle-icon-closed{display:none}.elementor-toggle .elementor-tab-title.elementor-active .elementor-toggle-icon-opened{display:block}.elementor-toggle .elementor-tab-content{padding:15px;border-bottom:1px solid #d4d4d4;display:none}@media (max-width:767px){.elementor-toggle .elementor-tab-title{padding:12px}.elementor-toggle .elementor-tab-content{padding:12px 10px}}<\/style>\t\t<div class=\"elementor-toggle\" role=\"tablist\">\r\n\t\t\t\t\t\t\t<div class=\"elementor-toggle-item\">\r\n\t\t\t\t\t<div id=\"elementor-tab-title-1981\" class=\"elementor-tab-title\" data-tab=\"1\" role=\"tab\" aria-controls=\"elementor-tab-content-1981\" aria-expanded=\"false\">\r\n\t\t\t\t\t\t\t\t\t\t\t\t<span class=\"elementor-toggle-icon elementor-toggle-icon-right\" aria-hidden=\"true\">\r\n\t\t\t\t\t\t\t\t\t\t\t\t\t\t\t<span class=\"elementor-toggle-icon-closed\"><i class=\"fas fa-caret-right\"><\/i><\/span>\r\n\t\t\t\t\t\t\t\t<span class=\"elementor-toggle-icon-opened\"><i class=\"elementor-toggle-icon-opened fas fa-caret-up\"><\/i><\/span>\r\n\t\t\t\t\t\t\t\t\t\t\t\t\t<\/span>\r\n\t\t\t\t\t\t\t\t\t\t\t\t<a href=\"\" class=\"elementor-toggle-title\">oferta<\/a>\r\n\t\t\t\t\t<\/div>\r\n\r\n\t\t\t\t\t<div id=\"elementor-tab-content-1981\" class=\"elementor-tab-content elementor-clearfix\" data-tab=\"1\" role=\"tabpanel\" aria-labelledby=\"elementor-tab-title-1981\"><p><a href=\"https:\/\/nanomax.global\/\">Export <strong>nanomax<\/strong><\/a><br \/><a href=\"http:\/\/hifi.dynamic.pl\/\">Dystrybucja <strong>T+A<\/strong> Polska<\/a><br \/><a href=\"https:\/\/allegro.pl\/uzytkownik\/dynamic_trade\">Hi-Fi Outlet<\/a><br \/><a href=\"#\">Marketing<\/a><\/p><\/div>\r\n\t\t\t\t<\/div>\r\n\t\t\t\t\t\t\t\t<\/div>\r\n\t\t\t\t<\/div>\n\t\t\t\t<\/div>\n\t\t\t\t\t<\/div>\n\t\t<\/div>\n\t\t\t\t<div class=\"elementor-column elementor-col-50 elementor-top-column elementor-element elementor-element-be9d24c\" data-id=\"be9d24c\" data-element_type=\"column\">\n\t\t\t<div class=\"elementor-widget-wrap elementor-element-populated\">\n\t\t\t\t\t\t\t\t<div class=\"elementor-element elementor-element-501db2a elementor-widget elementor-widget-heading\" data-id=\"501db2a\" data-element_type=\"widget\" data-widget_type=\"heading.default\">\n\t\t\t\t<div class=\"elementor-widget-container\">\n\t\t\t<h2 class=\"elementor-heading-title elementor-size-default\"><h2 data-elementor-setting-key=\"title\" data-pen-placeholder=\"Pisz tutaj...\" style=\"font-family: &quot;DM Sans&quot;, sans-serif; font-weight: 600; color: rgb(51, 51, 51); font-size: 23px;\">dynamic\u00ae technology <\/h2><\/h2>\t\t<\/div>\n\t\t\t\t<\/div>\n\t\t\t\t<div class=\"elementor-element elementor-element-7822872 elementor-widget elementor-widget-toggle\" data-id=\"7822872\" data-element_type=\"widget\" data-widget_type=\"toggle.default\">\n\t\t\t\t<div class=\"elementor-widget-container\">\n\t\t\t\t\t<div class=\"elementor-toggle\" role=\"tablist\">\r\n\t\t\t\t\t\t\t<div class=\"elementor-toggle-item\">\r\n\t\t\t\t\t<div id=\"elementor-tab-title-1251\" class=\"elementor-tab-title\" data-tab=\"1\" role=\"tab\" aria-controls=\"elementor-tab-content-1251\" aria-expanded=\"false\">\r\n\t\t\t\t\t\t\t\t\t\t\t\t<span class=\"elementor-toggle-icon elementor-toggle-icon-right\" aria-hidden=\"true\">\r\n\t\t\t\t\t\t\t\t\t\t\t\t\t\t\t<span class=\"elementor-toggle-icon-closed\"><i class=\"fas fa-caret-right\"><\/i><\/span>\r\n\t\t\t\t\t\t\t\t<span class=\"elementor-toggle-icon-opened\"><i class=\"elementor-toggle-icon-opened fas fa-caret-up\"><\/i><\/span>\r\n\t\t\t\t\t\t\t\t\t\t\t\t\t<\/span>\r\n\t\t\t\t\t\t\t\t\t\t\t\t<a href=\"\" class=\"elementor-toggle-title\">oferta<\/a>\r\n\t\t\t\t\t<\/div>\r\n\r\n\t\t\t\t\t<div id=\"elementor-tab-content-1251\" class=\"elementor-tab-content elementor-clearfix\" data-tab=\"1\" role=\"tabpanel\" aria-labelledby=\"elementor-tab-title-1251\"><a href=\"https:\/\/dynamic.pl\/index.php\/produkcja-nanomax\/\">Produkcja nanomax<\/a><br>\n<a href=\"https:\/\/dynamic.pl\/index.php\/produkcja-chemii-na-zlecenie\/\">Produkcja chemii na zlecenie<\/a><br>\n<a href=\"https:\/\/dynamic.pl\/index.php\/badania-labo\/\">Badania LABO<\/a><\/div>\r\n\t\t\t\t<\/div>\r\n\t\t\t\t\t\t\t\t<\/div>\r\n\t\t\t\t<\/div>\n\t\t\t\t<\/div>\n\t\t\t\t\t<\/div>\n\t\t<\/div>\n\t\t\t\t\t\t\t<\/div>\n\t\t<\/section>\n\t\t\t\t<section class=\"elementor-section elementor-top-section elementor-element elementor-element-95771fc elementor-section-boxed elementor-section-height-default elementor-section-height-default\" data-id=\"95771fc\" data-element_type=\"section\">\n\t\t\t\t\t\t<div class=\"elementor-container elementor-column-gap-default\">\n\t\t\t\t\t<div class=\"elementor-column elementor-col-100 elementor-top-column elementor-element elementor-element-d1a67be\" data-id=\"d1a67be\" data-element_type=\"column\">\n\t\t\t<div class=\"elementor-widget-wrap elementor-element-populated\">\n\t\t\t\t\t\t\t\t<div class=\"elementor-element elementor-element-56484a2 elementor-invisible elementor-widget elementor-widget-heading\" data-id=\"56484a2\" data-element_type=\"widget\" data-settings=\"{&quot;_animation&quot;:&quot;fadeInLeft&quot;}\" data-widget_type=\"heading.default\">\n\t\t\t\t<div class=\"elementor-widget-container\">\n\t\t\t<h2 class=\"elementor-heading-title elementor-size-default\">Dlaczego zainwestowali\u015bmy w nowoczesne laboratorium ? <\/h2>\t\t<\/div>\n\t\t\t\t<\/div>\n\t\t\t\t\t<\/div>\n\t\t<\/div>\n\t\t\t\t\t\t\t<\/div>\n\t\t<\/section>\n\t\t\t\t<section class=\"elementor-section elementor-top-section elementor-element elementor-element-a3bf34a elementor-section-boxed elementor-section-height-default elementor-section-height-default\" data-id=\"a3bf34a\" data-element_type=\"section\">\n\t\t\t\t\t\t<div class=\"elementor-container elementor-column-gap-default\">\n\t\t\t\t\t<div class=\"elementor-column elementor-col-100 elementor-top-column elementor-element elementor-element-52c2d23\" data-id=\"52c2d23\" data-element_type=\"column\">\n\t\t\t<div class=\"elementor-widget-wrap elementor-element-populated\">\n\t\t\t\t\t\t\t\t<div class=\"elementor-element elementor-element-8b4ebb5 elementor-widget elementor-widget-image\" data-id=\"8b4ebb5\" data-element_type=\"widget\" data-widget_type=\"image.default\">\n\t\t\t\t<div class=\"elementor-widget-container\">\n\t\t\t<style>\/*! elementor - v3.5.6 - 28-02-2022 *\/\n.elementor-widget-image{text-align:center}.elementor-widget-image a{display:inline-block}.elementor-widget-image a img[src$=\".svg\"]{width:48px}.elementor-widget-image img{vertical-align:middle;display:inline-block}<\/style>\t\t\t\t\t\t\t\t\t\t\t\t<img decoding=\"async\" src=\"https:\/\/www.dynamic.pl\/wp-content\/uploads\/2021\/10\/66.png\" title=\"66\" alt=\"66\" \/>\t\t\t\t\t\t\t\t\t\t\t\t\t\t\t<\/div>\n\t\t\t\t<\/div>\n\t\t\t\t\t<\/div>\n\t\t<\/div>\n\t\t\t\t\t\t\t<\/div>\n\t\t<\/section>\n\t\t\t\t<section class=\"elementor-section elementor-top-section elementor-element elementor-element-2a17efb elementor-section-boxed elementor-section-height-default elementor-section-height-default\" data-id=\"2a17efb\" data-element_type=\"section\">\n\t\t\t\t\t\t<div class=\"elementor-container elementor-column-gap-default\">\n\t\t\t\t\t<div class=\"elementor-column elementor-col-100 elementor-top-column elementor-element elementor-element-c4b97a3\" data-id=\"c4b97a3\" data-element_type=\"column\">\n\t\t\t<div class=\"elementor-widget-wrap elementor-element-populated\">\n\t\t\t\t\t\t\t\t<div class=\"elementor-element elementor-element-a73ec69 elementor-widget elementor-widget-text-editor\" data-id=\"a73ec69\" data-element_type=\"widget\" data-widget_type=\"text-editor.default\">\n\t\t\t\t<div class=\"elementor-widget-container\">\n\t\t\t<style>\/*! elementor - v3.5.6 - 28-02-2022 *\/\n.elementor-widget-text-editor.elementor-drop-cap-view-stacked .elementor-drop-cap{background-color:#818a91;color:#fff}.elementor-widget-text-editor.elementor-drop-cap-view-framed .elementor-drop-cap{color:#818a91;border:3px solid;background-color:transparent}.elementor-widget-text-editor:not(.elementor-drop-cap-view-default) .elementor-drop-cap{margin-top:8px}.elementor-widget-text-editor:not(.elementor-drop-cap-view-default) .elementor-drop-cap-letter{width:1em;height:1em}.elementor-widget-text-editor .elementor-drop-cap{float:left;text-align:center;line-height:1;font-size:50px}.elementor-widget-text-editor .elementor-drop-cap-letter{display:inline-block}<\/style>\t\t\t\t<h1>\nCodzienne potrzeby s\u0105 wa\u017cne, ale rozw\u00f3j cywilizacji nap\u0119dzaj\u0105 wy\u0142\u0105cznie wielkie pragnienia\u2026<br><\/h1>\n<p>Dzisiaj Coca-Cola, Apple i BMW s\u0105 wielkie, poniewa\u017c kto\u015b, kiedy\u015b wymy\u015bli\u0142 co\u015b, czego b\u0119dziemy pragn\u0105\u0107. Tak w\u0142a\u015bnie powstaj\u0105 produkty przysz\u0142o\u015bci, kt\u00f3re kiedy\u015b kupisz. Pytanie brzmi czy za par\u0119 lat, b\u0119dziesz m\u00f3g\u0142 tak\u017ce co\u015b sprzeda\u0107 ? W\u0142a\u015bnie dlatego postanowili\u015bmy zainwestowa\u0107 w LABO&#8230; Oczywi\u015bcie wykorzystujemy je przede wszystkim dla naszych cel\u00f3w, aby poprawia\u0107 jako\u015b\u0107 produkt\u00f3w, ale zdarza si\u0119, \u017ce kto\u015b (tak jak my kiedy\u015b) opowie histori\u0119 wart\u0105 pracy nad pomys\u0142em.<\/p>\n<h1>Obecnie istniej\u0105 mo\u017cliwo\u015bci, aby zmienia\u0107 natur\u0119 materii\u2026<\/h1>\n<p>Epoki kamienia, stali, pary i elektryczno\u015bci min\u0119\u0142y, a teraz mija epoka mikro-elektroniki i krzemu, kt\u00f3ry b\u0119dzie zast\u0105piony przez grafen lub molibdenit (nano-elektronika). Nadawanie kszta\u0142t\u00f3w i kolor\u00f3w produktom ju\u017c nie wystarczy, bo \u015awiat zmierza ku nowym \u017ar\u00f3d\u0142om energii i zmianom istoty materii.<\/p>\n<p>Tajemnic\u0105 nowej jako\u015bci s\u0105 nano-cz\u0105stki, dzi\u0119ki kt\u00f3rym materia\u0142y uzyskuj\u0105 fenomenalne w\u0142a\u015bciwo\u015bci, tworz\u0105c produkty przysz\u0142o\u015bci. Dlatego za kilka lat nano-technologia&nbsp;zdominuje rynki wi\u0119kszo\u015bci bran\u017c, wyznaczaj\u0105c nowe standardy jako\u015bci. Jeste\u015bmy pewni, \u017ce b\u0119dzie to tak\u017ce i nasza epoka, jako lidera w swojej bran\u017cy.<\/p>\n<h1>\nZobacz dzisiaj przysz\u0142e standardy\u2026<br><\/h1>\n<p>Nawet niebo to dzisiaj ju\u017c zupe\u0142nie inne miejsce, bo wko\u0142o Stw\u00f3rcy roztacza si\u0119 wielka chmura danych, kt\u00f3ra wspiera Twoje \u017cycie&#8230; Jest wi\u0119c tak, jak napisano w Biblii \u201esk\u0142adajcie skarby w niebie, gdzie z\u0142odziej i rdza nie si\u0119ga\u201d.<br><br>Wyobra\u017a sobie zatem, \u017ce ubranie ogrzewa Ci\u0119 w zimowe noce, a latem delikatnie ch\u0142odzi. Tw\u00f3j samoch\u00f3d i dom zasila S\u0142o\u0144ce, a \u015bciany (zmieniaj\u0105ce tak\u017ce kolor na \u017cyczenie) broni\u0105 domownik\u00f3w, od\u015bwie\u017caj\u0105 powietrze i grzej\u0105. Do mebli i sprz\u0119t\u00f3w nie przywiera kurz, a dzieci bawi\u0105 si\u0119 zabawkami, zwalczaj\u0105cymi choroby tak samo jak ceramika w \u0142azience. Dzieje si\u0119 to w spos\u00f3b prosty, wr\u0119cz naturalny, a poj\u0119cia \u201einstrukcja obs\u0142ugi\u201d lub \u201esystem operacyjny\u201d mo\u017cesz znale\u017a\u0107 tylko w muzeum techniki. Pomy\u015bl ile czasu zyskujesz i jak spokojnie codziennie zasypiasz\u2026<br><br><\/p>\n<p>Bakterio\/grzybob\u00f3jcze dzia\u0142anie srebra i miedzi znane jest od staro\u017cytno\u015bci, a nauka si\u0119ga po nie znowu, aby wykorzysta\u0107 cudowne po\u0142\u0105czenie techniki z natur\u0105. Aktualne osi\u0105gni\u0119cia bran\u017cy medycznej, kosmetycznej i chemicznej bezspornie dowodz\u0105 skuteczno\u015bci nano-produkt\u00f3w, kt\u00f3re uczynili\u015bmy dost\u0119pne dla ka\u017cdego. <\/p>\n<p>nanomax\u00ae to wiod\u0105ca marka dynamic, b\u0119d\u0105ca sum\u0105 do\u015bwiadcze\u0144 w tworzeniu ultra nowoczesnych, innowacyjnych \u015brodk\u00f3w czyszcz\u0105cych oraz \u201enanomaszyna\u201d czyni\u0105ca mo\u017cliwym to co by\u0142o niemo\u017cliwe czyni mo\u017cliwym, dlatego z rado\u015bci\u0105 oddajemy go do Waszych r\u0105k\u2026<\/p>\t\t\t\t\t\t<\/div>\n\t\t\t\t<\/div>\n\t\t\t\t\t<\/div>\n\t\t<\/div>\n\t\t\t\t\t\t\t<\/div>\n\t\t<\/section>\n\t\t\t\t\t\t<\/div>\n\t\t\t\t\t<\/div>\n\t\t","protected":false},"excerpt":{"rendered":"<p>dynamic? oferta Export nanomaxDystrybucja T+A PolskaHi-Fi OutletMarketing dynamic? technology oferta Produkcja nanomax Produkcja chemii na zlecenie Badania LABO Dlaczego zainwestowali\u015bmy w nowoczesne laboratorium ? Codzienne potrzeby s\u0105 wa\u017cne, ale rozw\u00f3j cywilizacji nap\u0119dzaj\u0105 wy\u0142\u0105cznie wielkie pragnienia? Dzisiaj Coca-Cola, Apple i BMW s\u0105 wielkie, poniewa\u017c kto\u015b, kiedy\u015b wymy\u015bli\u0142 co\u015b, czego b\u0119dziemy pragn\u0105\u0107. Tak w\u0142a\u015bnie powstaj\u0105 produkty przysz\u0142o\u015bci, [&hellip;]<\/p>\n","protected":false},"author":1,"featured_media":0,"parent":0,"menu_order":0,"comment_status":"closed","ping_status":"closed","template":"","meta":{"footnotes":""},"class_list":["post-43","page","type-page","status-publish","hentry"],"_links":{"self":[{"href":"https:\/\/www.dynamic.pl\/index.php\/wp-json\/wp\/v2\/pages\/43","targetHints":{"allow":["GET"]}}],"collection":[{"href":"https:\/\/www.dynamic.pl\/index.php\/wp-json\/wp\/v2\/pages"}],"about":[{"href":"https:\/\/www.dynamic.pl\/index.php\/wp-json\/wp\/v2\/types\/page"}],"author":[{"embeddable":true,"href":"https:\/\/www.dynamic.pl\/index.php\/wp-json\/wp\/v2\/users\/1"}],"replies":[{"embeddable":true,"href":"https:\/\/www.dynamic.pl\/index.php\/wp-json\/wp\/v2\/comments?post=43"}],"version-history":[{"count":34,"href":"https:\/\/www.dynamic.pl\/index.php\/wp-json\/wp\/v2\/pages\/43\/revisions"}],"predecessor-version":[{"id":2805,"href":"https:\/\/www.dynamic.pl\/index.php\/wp-json\/wp\/v2\/pages\/43\/revisions\/2805"}],"wp:attachment":[{"href":"https:\/\/www.dynamic.pl\/index.php\/wp-json\/wp\/v2\/media?parent=43"}],"curies":[{"name":"wp","href":"https:\/\/api.w.org\/{rel}","templated":true}]}}